{"id":20,"date":"2017-04-14T17:27:18","date_gmt":"2017-04-14T17:27:18","guid":{"rendered":"http:\/\/phminc.daversion.com\/?page_id=20"},"modified":"2020-11-11T19:45:03","modified_gmt":"2020-11-12T00:45:03","slug":"about","status":"publish","type":"page","link":"https:\/\/phminc.ca\/en\/about\/","title":{"rendered":"About Us"},"content":{"rendered":"<div class=\"wpb-content-wrapper\"><p>[vc_row css_animation=&#8221;&#8221; row_type=&#8221;row&#8221; use_row_as_full_screen_section=&#8221;no&#8221; type=&#8221;full_width&#8221; angled_section=&#8221;no&#8221; text_align=&#8221;left&#8221; background_image_as_pattern=&#8221;without_pattern&#8221; css=&#8221;.vc_custom_1560909940101{padding-top: 40px !important;padding-bottom: 40px !important;}&#8221; z_index=&#8221;&#8221;][vc_column][vc_row_inner row_type=&#8221;row&#8221; type=&#8221;grid&#8221; text_align=&#8221;left&#8221; css_animation=&#8221;element_from_bottom&#8221;][vc_column_inner][vc_column_text]<\/p>\n<h1 style=\"text-align: center;\">Our Mission<\/h1>\n<p>[\/vc_column_text][vc_separator type=&#8221;small&#8221; position=&#8221;center&#8221;][vc_empty_space][vc_column_text]<\/p>\n<h2 style=\"text-align: center;\">Our mission is to offer high quality products at competitive prices and provide support that is tailored to the needs of our customers.<\/h2>\n<p>[\/vc_column_text][vc_empty_space][\/vc_column_inner][\/vc_row_inner][\/vc_column][\/vc_row][vc_row css_animation=&#8221;&#8221; row_type=&#8221;row&#8221; use_row_as_full_screen_section=&#8221;no&#8221; type=&#8221;full_width&#8221; angled_section=&#8221;no&#8221; text_align=&#8221;left&#8221; background_image_as_pattern=&#8221;without_pattern&#8221; css=&#8221;.vc_custom_1560909313072{padding-top: 60px !important;padding-bottom: 60px !important;}&#8221; z_index=&#8221;&#8221; background_color=&#8221;#f6f6f6&#8243;][vc_column][vc_row_inner row_type=&#8221;row&#8221; type=&#8221;grid&#8221; text_align=&#8221;left&#8221; css_animation=&#8221;&#8221;][vc_column_inner][vc_column_text]<\/p>\n<h1 style=\"text-align: center;\">Our Values<\/h1>\n<p>[\/vc_column_text][vc_separator type=&#8221;small&#8221; position=&#8221;center&#8221;][vc_empty_space][\/vc_column_inner][\/vc_row_inner][vc_row_inner row_type=&#8221;row&#8221; type=&#8221;grid&#8221; text_align=&#8221;left&#8221; css_animation=&#8221;element_from_bottom&#8221;][vc_column_inner width=&#8221;1\/2&#8243;][vc_column_text]<\/p>\n<h3><strong>Commitment to customers<\/strong><\/h3>\n<p style=\"text-align: left;\">Since 1969, we have developed relationships with our customers to provide them with realistic solution offerings.<\/p>\n<h3><strong>Continuous learning<\/strong><\/h3>\n<p>We always look to further develop the expertise of our employees by gathering data and feedback from suppliers, customers, educational institutions and other private and public organizations. We analyze this data to communicate information to our customers that can facilitate their product searches and projects.[\/vc_column_text][\/vc_column_inner][vc_column_inner width=&#8221;1\/2&#8243;][vc_column_text]<\/p>\n<h3><strong>Cooperation<\/strong><\/h3>\n<p style=\"text-align: left;\">We strive to understand our client\u2019s needs and work with partners to develop solution offerings that meet requirements.<\/p>\n<h3><strong>Dedication to progress<\/strong><\/h3>\n<p style=\"text-align: left;\">We constantly monitor our environment in order to initiate projects that can further improve our operations with our customers and partners.<\/p>\n<p>[\/vc_column_text][\/vc_column_inner][\/vc_row_inner][\/vc_column][\/vc_row][vc_row css_animation=&#8221;&#8221; row_type=&#8221;row&#8221; use_row_as_full_screen_section=&#8221;no&#8221; type=&#8221;full_width&#8221; angled_section=&#8221;no&#8221; text_align=&#8221;left&#8221; background_image_as_pattern=&#8221;without_pattern&#8221; css=&#8221;.vc_custom_1560911283309{padding-top: 60px !important;padding-bottom: 60px !important;}&#8221; z_index=&#8221;&#8221;][vc_column][vc_row_inner row_type=&#8221;row&#8221; type=&#8221;grid&#8221; text_align=&#8221;left&#8221; css_animation=&#8221;&#8221;][vc_column_inner][vc_column_text]<\/p>\n<h1 style=\"text-align: center;\">Company History<\/h1>\n<p>[\/vc_column_text][vc_separator type=&#8221;small&#8221; position=&#8221;center&#8221;][vc_empty_space][\/vc_column_inner][\/vc_row_inner]<div class=\"qode-workflow  qode-workflow-animate\">\n    <span class=\"main-line\" style=\"background-color:#20345c;\"><\/span>\n    <div class=\"qode-workflow-item\">\n    <span class=\"line\" style=\"\"><\/span>\n    <div class=\"qode-workflow-item-inner \">\n        <div class=\"qode-workflow-image center\">\n            <img loading=\"lazy\" decoding=\"async\" width=\"781\" height=\"640\" src=\"https:\/\/phminc.ca\/wp-content\/uploads\/2019\/06\/PHM_HumbleBeginnings.jpg\" class=\"attachment-full size-full\" alt=\"\" srcset=\"https:\/\/phminc.ca\/wp-content\/uploads\/2019\/06\/PHM_HumbleBeginnings.jpg 781w, https:\/\/phminc.ca\/wp-content\/uploads\/2019\/06\/PHM_HumbleBeginnings-300x246.jpg 300w, https:\/\/phminc.ca\/wp-content\/uploads\/2019\/06\/PHM_HumbleBeginnings-768x629.jpg 768w, https:\/\/phminc.ca\/wp-content\/uploads\/2019\/06\/PHM_HumbleBeginnings-700x574.jpg 700w\" sizes=\"auto, (max-width: 781px) 100vw, 781px\" \/>        <\/div>\n        <div class=\"qode-workflow-text\">\n            <span class=\"circle\" style=\"\"><\/span>\n                            <h3>Humble beginnings<\/h3>\n                                        <h6 class=\"qode-workflow-subtitle\">1969<\/h6>\n                                        <p class=\"text\">In December 1969, 33 year-old Robert M\u00e9nard decided to leave his superintendent job in the construction industry to pursue his dream of operating his own company. He purchased a business called Garage Besner, a retailer of agricultural machinery in the municipality of St-Clet. The company maintained the repair services offered by the previous owners.<\/p>\n                    <\/div>\n    <\/div>\n<\/div><div class=\"qode-workflow-item\">\n    <span class=\"line\" style=\"\"><\/span>\n    <div class=\"qode-workflow-item-inner \">\n        <div class=\"qode-workflow-image center\">\n            <img loading=\"lazy\" decoding=\"async\" width=\"530\" height=\"530\" src=\"https:\/\/phminc.ca\/wp-content\/uploads\/2019\/06\/PMH_Humble2_Cropped.jpg\" class=\"attachment-full size-full\" alt=\"\" srcset=\"https:\/\/phminc.ca\/wp-content\/uploads\/2019\/06\/PMH_Humble2_Cropped.jpg 530w, https:\/\/phminc.ca\/wp-content\/uploads\/2019\/06\/PMH_Humble2_Cropped-150x150.jpg 150w, https:\/\/phminc.ca\/wp-content\/uploads\/2019\/06\/PMH_Humble2_Cropped-300x300.jpg 300w, https:\/\/phminc.ca\/wp-content\/uploads\/2019\/06\/PMH_Humble2_Cropped-500x500.jpg 500w\" sizes=\"auto, (max-width: 530px) 100vw, 530px\" \/>        <\/div>\n        <div class=\"qode-workflow-text\">\n            <span class=\"circle\" style=\"\"><\/span>\n                                            <\/div>\n    <\/div>\n<\/div><div class=\"qode-workflow-item\">\n    <span class=\"line\" style=\"\"><\/span>\n    <div class=\"qode-workflow-item-inner reverse\">\n        <div class=\"qode-workflow-image center\">\n            <img loading=\"lazy\" decoding=\"async\" width=\"842\" height=\"842\" src=\"https:\/\/phminc.ca\/wp-content\/uploads\/2019\/06\/tractor-cropped.jpg\" class=\"attachment-full size-full\" alt=\"\" srcset=\"https:\/\/phminc.ca\/wp-content\/uploads\/2019\/06\/tractor-cropped.jpg 842w, https:\/\/phminc.ca\/wp-content\/uploads\/2019\/06\/tractor-cropped-150x150.jpg 150w, https:\/\/phminc.ca\/wp-content\/uploads\/2019\/06\/tractor-cropped-300x300.jpg 300w, https:\/\/phminc.ca\/wp-content\/uploads\/2019\/06\/tractor-cropped-768x768.jpg 768w, https:\/\/phminc.ca\/wp-content\/uploads\/2019\/06\/tractor-cropped-570x570.jpg 570w, https:\/\/phminc.ca\/wp-content\/uploads\/2019\/06\/tractor-cropped-500x500.jpg 500w, https:\/\/phminc.ca\/wp-content\/uploads\/2019\/06\/tractor-cropped-700x700.jpg 700w\" sizes=\"auto, (max-width: 842px) 100vw, 842px\" \/>        <\/div>\n        <div class=\"qode-workflow-text\">\n            <span class=\"circle\" style=\"\"><\/span>\n                            <h3>The Ford Tractor Franchise<\/h3>\n                                        <h6 class=\"qode-workflow-subtitle\">1970<\/h6>\n                                        <p class=\"text\">In 1970, the company became a distributor of Ford agricultural tractors and New Holland agricultural machinery. The company focused on this product category until the late 1980s.<\/p>\n                    <\/div>\n    <\/div>\n<\/div><div class=\"qode-workflow-item\">\n    <span class=\"line\" style=\"\"><\/span>\n    <div class=\"qode-workflow-item-inner reverse\">\n        <div class=\"qode-workflow-image center\">\n            <img loading=\"lazy\" decoding=\"async\" width=\"680\" height=\"680\" src=\"https:\/\/phminc.ca\/wp-content\/uploads\/2019\/06\/franchise-2-cropped.jpg\" class=\"attachment-full size-full\" alt=\"\" srcset=\"https:\/\/phminc.ca\/wp-content\/uploads\/2019\/06\/franchise-2-cropped.jpg 680w, https:\/\/phminc.ca\/wp-content\/uploads\/2019\/06\/franchise-2-cropped-150x150.jpg 150w, https:\/\/phminc.ca\/wp-content\/uploads\/2019\/06\/franchise-2-cropped-300x300.jpg 300w, https:\/\/phminc.ca\/wp-content\/uploads\/2019\/06\/franchise-2-cropped-570x570.jpg 570w, https:\/\/phminc.ca\/wp-content\/uploads\/2019\/06\/franchise-2-cropped-500x500.jpg 500w\" sizes=\"auto, (max-width: 680px) 100vw, 680px\" \/>        <\/div>\n        <div class=\"qode-workflow-text\">\n            <span class=\"circle\" style=\"\"><\/span>\n                                            <\/div>\n    <\/div>\n<\/div><div class=\"qode-workflow-item\">\n    <span class=\"line\" style=\"\"><\/span>\n    <div class=\"qode-workflow-item-inner \">\n        <div class=\"qode-workflow-image center\">\n            <img loading=\"lazy\" decoding=\"async\" width=\"694\" height=\"468\" src=\"https:\/\/phminc.ca\/wp-content\/uploads\/2019\/06\/birth-cropped.jpg\" class=\"attachment-full size-full\" alt=\"\" srcset=\"https:\/\/phminc.ca\/wp-content\/uploads\/2019\/06\/birth-cropped.jpg 694w, https:\/\/phminc.ca\/wp-content\/uploads\/2019\/06\/birth-cropped-300x202.jpg 300w\" sizes=\"auto, (max-width: 694px) 100vw, 694px\" \/>        <\/div>\n        <div class=\"qode-workflow-text\">\n            <span class=\"circle\" style=\"\"><\/span>\n                            <h3>The birth of Les Pi\u00e8ces Hydrauliques M\u00e9nard<\/h3>\n                                        <h6 class=\"qode-workflow-subtitle\">1979<\/h6>\n                                        <p class=\"text\">In 1979, Les Pi\u00e8ces Hydrauliques M\u00e9nard was born when the company expanded its product lines with hydraulic systems and accessories purposely made for agricultural and industrial applications. The company would simultaneously increase the store surface by 9,500 square feet to accommodate this major change.<\/p>\n                    <\/div>\n    <\/div>\n<\/div><div class=\"qode-workflow-item\">\n    <span class=\"line\" style=\"\"><\/span>\n    <div class=\"qode-workflow-item-inner \">\n        <div class=\"qode-workflow-image center\">\n            <img loading=\"lazy\" decoding=\"async\" width=\"586\" height=\"586\" src=\"https:\/\/phminc.ca\/wp-content\/uploads\/2019\/06\/birth-2-cropped.jpg\" class=\"attachment-full size-full\" alt=\"\" srcset=\"https:\/\/phminc.ca\/wp-content\/uploads\/2019\/06\/birth-2-cropped.jpg 586w, https:\/\/phminc.ca\/wp-content\/uploads\/2019\/06\/birth-2-cropped-150x150.jpg 150w, https:\/\/phminc.ca\/wp-content\/uploads\/2019\/06\/birth-2-cropped-300x300.jpg 300w, https:\/\/phminc.ca\/wp-content\/uploads\/2019\/06\/birth-2-cropped-570x570.jpg 570w, https:\/\/phminc.ca\/wp-content\/uploads\/2019\/06\/birth-2-cropped-500x500.jpg 500w\" sizes=\"auto, (max-width: 586px) 100vw, 586px\" \/>        <\/div>\n        <div class=\"qode-workflow-text\">\n            <span class=\"circle\" style=\"\"><\/span>\n                                            <\/div>\n    <\/div>\n<\/div><div class=\"qode-workflow-item\">\n    <span class=\"line\" style=\"\"><\/span>\n    <div class=\"qode-workflow-item-inner reverse\">\n        <div class=\"qode-workflow-image center\">\n            <img loading=\"lazy\" decoding=\"async\" width=\"960\" height=\"640\" src=\"https:\/\/phminc.ca\/wp-content\/uploads\/2020\/05\/menard-cables.jpg\" class=\"attachment-full size-full\" alt=\"\" srcset=\"https:\/\/phminc.ca\/wp-content\/uploads\/2020\/05\/menard-cables.jpg 960w, https:\/\/phminc.ca\/wp-content\/uploads\/2020\/05\/menard-cables-300x200.jpg 300w, https:\/\/phminc.ca\/wp-content\/uploads\/2020\/05\/menard-cables-768x512.jpg 768w, https:\/\/phminc.ca\/wp-content\/uploads\/2020\/05\/menard-cables-700x467.jpg 700w\" sizes=\"auto, (max-width: 960px) 100vw, 960px\" \/>        <\/div>\n        <div class=\"qode-workflow-text\">\n            <span class=\"circle\" style=\"\"><\/span>\n                            <h3>Period of transition<\/h3>\n                                        <h6 class=\"qode-workflow-subtitle\">Early 1980s<\/h6>\n                                        <p class=\"text\">In the early 1980s, the agricultural equipment industry was in decline and signs of significant growth disappeared. As a result, Robert M\u00e9nard solely focused on selling hydraulic systems and accessories to his customers.<\/p>\n                    <\/div>\n    <\/div>\n<\/div><div class=\"qode-workflow-item\">\n    <span class=\"line\" style=\"\"><\/span>\n    <div class=\"qode-workflow-item-inner \">\n        <div class=\"qode-workflow-image center\">\n            <img loading=\"lazy\" decoding=\"async\" width=\"800\" height=\"574\" src=\"https:\/\/phminc.ca\/wp-content\/uploads\/2019\/06\/RoberMarioMenard_800x574.jpg\" class=\"attachment-full size-full\" alt=\"\" srcset=\"https:\/\/phminc.ca\/wp-content\/uploads\/2019\/06\/RoberMarioMenard_800x574.jpg 800w, https:\/\/phminc.ca\/wp-content\/uploads\/2019\/06\/RoberMarioMenard_800x574-300x215.jpg 300w, https:\/\/phminc.ca\/wp-content\/uploads\/2019\/06\/RoberMarioMenard_800x574-768x551.jpg 768w, https:\/\/phminc.ca\/wp-content\/uploads\/2019\/06\/RoberMarioMenard_800x574-700x502.jpg 700w\" sizes=\"auto, (max-width: 800px) 100vw, 800px\" \/>        <\/div>\n        <div class=\"qode-workflow-text\">\n            <span class=\"circle\" style=\"\"><\/span>\n                            <h3>The second generation<\/h3>\n                                        <h6 class=\"qode-workflow-subtitle\">1992<\/h6>\n                                        <p class=\"text\">In 1992, the son of Robert M\u00e9nard, Mario, joined the family enterprise with an extended background in finance and management from Concordia University. Among his early contributions was the addition of truck parts in the company\u2019s product lines.<\/p>\n                    <\/div>\n    <\/div>\n<\/div><div class=\"qode-workflow-item\">\n    <span class=\"line\" style=\"\"><\/span>\n    <div class=\"qode-workflow-item-inner reverse\">\n        <div class=\"qode-workflow-image center\">\n            <img loading=\"lazy\" decoding=\"async\" width=\"651\" height=\"382\" src=\"https:\/\/phminc.ca\/wp-content\/uploads\/2019\/06\/menard-outside.jpg\" class=\"attachment-full size-full\" alt=\"\" srcset=\"https:\/\/phminc.ca\/wp-content\/uploads\/2019\/06\/menard-outside.jpg 651w, https:\/\/phminc.ca\/wp-content\/uploads\/2019\/06\/menard-outside-300x176.jpg 300w\" sizes=\"auto, (max-width: 651px) 100vw, 651px\" \/>        <\/div>\n        <div class=\"qode-workflow-text\">\n            <span class=\"circle\" style=\"\"><\/span>\n                            <h3>Traction banner and expansion in the truck parts industry<\/h3>\n                                        <h6 class=\"qode-workflow-subtitle\">1998<\/h6>\n                                        <p class=\"text\">In 1998, Les Pi\u00e8ces Hydrauliques M\u00e9nard became the second Traction banner in Canada, a division of UAP. Since this partnership, the company has invested massively in its inventory and infrastructures to offer a vast array of truck parts and hydraulic systems at competitive prices. In 2001, the company added a 4,500 square feet warehouse but it was quickly insufficient to cope with the company\u2019s growth in sales. Thus, the company inaugurated a 5,000 square feet warehouse in 2011 to further increase the inventory.<\/p>\n                    <\/div>\n    <\/div>\n<\/div><div class=\"qode-workflow-item\">\n    <span class=\"line\" style=\"\"><\/span>\n    <div class=\"qode-workflow-item-inner reverse\">\n        <div class=\"qode-workflow-image center\">\n            <img loading=\"lazy\" decoding=\"async\" width=\"657\" height=\"176\" src=\"https:\/\/phminc.ca\/wp-content\/uploads\/2019\/06\/logo-traction.jpg\" class=\"attachment-full size-full\" alt=\"\" srcset=\"https:\/\/phminc.ca\/wp-content\/uploads\/2019\/06\/logo-traction.jpg 657w, https:\/\/phminc.ca\/wp-content\/uploads\/2019\/06\/logo-traction-300x80.jpg 300w\" sizes=\"auto, (max-width: 657px) 100vw, 657px\" \/>        <\/div>\n        <div class=\"qode-workflow-text\">\n            <span class=\"circle\" style=\"\"><\/span>\n                                            <\/div>\n    <\/div>\n<\/div><div class=\"qode-workflow-item\">\n    <span class=\"line\" style=\"\"><\/span>\n    <div class=\"qode-workflow-item-inner \">\n        <div class=\"qode-workflow-image center\">\n            <img loading=\"lazy\" decoding=\"async\" width=\"313\" height=\"110\" src=\"https:\/\/phminc.ca\/wp-content\/uploads\/2019\/06\/logo50y_313x110.jpg\" class=\"attachment-full size-full\" alt=\"\" srcset=\"https:\/\/phminc.ca\/wp-content\/uploads\/2019\/06\/logo50y_313x110.jpg 313w, https:\/\/phminc.ca\/wp-content\/uploads\/2019\/06\/logo50y_313x110-300x105.jpg 300w\" sizes=\"auto, (max-width: 313px) 100vw, 313px\" \/>        <\/div>\n        <div class=\"qode-workflow-text\">\n            <span class=\"circle\" style=\"\"><\/span>\n                            <h3>Today and the company\u2019s outlook in the future<\/h3>\n                                        <h6 class=\"qode-workflow-subtitle\">Today<\/h6>\n                                        <p class=\"text\">As of today, Les Pi\u00e8ces Hydrauliques M\u00e9nard serves more than 400 clients in an 80-km radius. Since 1969, Les Pi\u00e8ces Hydrauliques M\u00e9nard continues to adjust its practices and product lines in order to offer quality products and valuable technical assistance to its customers today and in the future.<\/p>\n                    <\/div>\n    <\/div>\n<\/div><\/div>[\/vc_column][\/vc_row]<\/p>\n<\/div>","protected":false},"excerpt":{"rendered":"<p>[vc_row css_animation=&#8221;&#8221; row_type=&#8221;row&#8221; use_row_as_full_screen_section=&#8221;no&#8221; type=&#8221;full_width&#8221; angled_section=&#8221;no&#8221; text_align=&#8221;left&#8221; background_image_as_pattern=&#8221;without_pattern&#8221; css=&#8221;.vc_custom_1560909940101{padding-top: 40px !important;padding-bottom: 40px !important;}&#8221; z_index=&#8221;&#8221;][vc_column][vc_row_inner row_type=&#8221;row&#8221; type=&#8221;grid&#8221; text_align=&#8221;left&#8221; css_animation=&#8221;element_from_bottom&#8221;][vc_column_inner][vc_column_text] Our Mission [\/vc_column_text][vc_separator type=&#8221;small&#8221; position=&#8221;center&#8221;][vc_empty_space][vc_column_text] Our mission is to offer high quality products at competitive prices and provide support that is tailored to the needs of our&#8230;<\/p>\n","protected":false},"author":1,"featured_media":0,"parent":0,"menu_order":10,"comment_status":"closed","ping_status":"closed","template":"full_width.php","meta":{"footnotes":""},"class_list":["post-20","page","type-page","status-publish","hentry"],"_links":{"self":[{"href":"https:\/\/phminc.ca\/en\/wp-json\/wp\/v2\/pages\/20","targetHints":{"allow":["GET"]}}],"collection":[{"href":"https:\/\/phminc.ca\/en\/wp-json\/wp\/v2\/pages"}],"about":[{"href":"https:\/\/phminc.ca\/en\/wp-json\/wp\/v2\/types\/page"}],"author":[{"embeddable":true,"href":"https:\/\/phminc.ca\/en\/wp-json\/wp\/v2\/users\/1"}],"replies":[{"embeddable":true,"href":"https:\/\/phminc.ca\/en\/wp-json\/wp\/v2\/comments?post=20"}],"version-history":[{"count":57,"href":"https:\/\/phminc.ca\/en\/wp-json\/wp\/v2\/pages\/20\/revisions"}],"predecessor-version":[{"id":3247,"href":"https:\/\/phminc.ca\/en\/wp-json\/wp\/v2\/pages\/20\/revisions\/3247"}],"wp:attachment":[{"href":"https:\/\/phminc.ca\/en\/wp-json\/wp\/v2\/media?parent=20"}],"curies":[{"name":"wp","href":"https:\/\/api.w.org\/{rel}","templated":true}]}}